{"id":711,"date":"2022-02-23T22:34:49","date_gmt":"2022-02-23T21:34:49","guid":{"rendered":"https:\/\/cboessy.com\/?page_id=711"},"modified":"2023-12-27T15:23:02","modified_gmt":"2023-12-27T14:23:02","slug":"curriculum-vitae","status":"publish","type":"page","link":"https:\/\/cboessy.com\/index.php\/curriculum-vitae\/","title":{"rendered":"Curriculum Vitae &#8211; T\u00e9l\u00e9chargement"},"content":{"rendered":"\n<p>Vous pouvez t\u00e9l\u00e9charger mon CV en cliquant sur l&rsquo;ic\u00f4ne ci-dessus<\/p>\n\n\n<div class=\"wp-block-image\">\n<figure class=\"aligncenter size-full\"><a href=\"https:\/\/cboessy.com\/wp-content\/uploads\/2022\/02\/CV_CBOE.pdf\"><img loading=\"lazy\" decoding=\"async\" width=\"225\" height=\"225\" src=\"https:\/\/cboessy.com\/wp-content\/uploads\/2022\/02\/telechargement.jpg\" alt=\"\" class=\"wp-image-719\" srcset=\"https:\/\/cboessy.com\/wp-content\/uploads\/2022\/02\/telechargement.jpg 225w, https:\/\/cboessy.com\/wp-content\/uploads\/2022\/02\/telechargement-150x150.jpg 150w\" sizes=\"auto, (max-width: 225px) 100vw, 225px\" \/><\/a><figcaption class=\"wp-element-caption\">La derni\u00e8re mise \u00e0 jour: <strong>18\/12\/2023<\/strong><\/figcaption><\/figure>\n<\/div>","protected":false},"excerpt":{"rendered":"<p>Vous pouvez t\u00e9l\u00e9charger mon CV en cliquant sur l&rsquo;ic\u00f4ne ci-dessus<\/p>\n","protected":false},"author":1,"featured_media":0,"parent":0,"menu_order":0,"comment_status":"closed","ping_status":"closed","template":"","meta":{"footnotes":""},"class_list":["post-711","page","type-page","status-publish","hentry"],"_links":{"self":[{"href":"https:\/\/cboessy.com\/index.php\/wp-json\/wp\/v2\/pages\/711","targetHints":{"allow":["GET"]}}],"collection":[{"href":"https:\/\/cboessy.com\/index.php\/wp-json\/wp\/v2\/pages"}],"about":[{"href":"https:\/\/cboessy.com\/index.php\/wp-json\/wp\/v2\/types\/page"}],"author":[{"embeddable":true,"href":"https:\/\/cboessy.com\/index.php\/wp-json\/wp\/v2\/users\/1"}],"replies":[{"embeddable":true,"href":"https:\/\/cboessy.com\/index.php\/wp-json\/wp\/v2\/comments?post=711"}],"version-history":[{"count":4,"href":"https:\/\/cboessy.com\/index.php\/wp-json\/wp\/v2\/pages\/711\/revisions"}],"predecessor-version":[{"id":1094,"href":"https:\/\/cboessy.com\/index.php\/wp-json\/wp\/v2\/pages\/711\/revisions\/1094"}],"wp:attachment":[{"href":"https:\/\/cboessy.com\/index.php\/wp-json\/wp\/v2\/media?parent=711"}],"curies":[{"name":"wp","href":"https:\/\/api.w.org\/{rel}","templated":true}]}}